{"id":14578,"date":"2025-06-23T13:27:38","date_gmt":"2025-06-23T11:27:38","guid":{"rendered":"https:\/\/enoturista.cat\/enoturismo\/"},"modified":"2026-03-18T12:02:09","modified_gmt":"2026-03-18T10:02:09","slug":"enoturismo","status":"publish","type":"page","link":"https:\/\/enoturista.cat\/es\/enoturismo\/","title":{"rendered":"Enoturismo"},"content":{"rendered":"\t\t<div data-elementor-type=\"wp-page\" data-elementor-id=\"14578\" class=\"elementor elementor-14578 elementor-5048\" data-elementor-post-type=\"page\">\n\t\t\t\t<div class=\"elementor-element elementor-element-11e154f e-flex e-con-boxed e-con e-parent\" data-id=\"11e154f\" data-element_type=\"container\" data-e-type=\"container\" data-settings=\"{&quot;background_background&quot;:&quot;classic&quot;}\">\n\t\t\t\t\t<div class=\"e-con-inner\">\n\t\t\t\t<div class=\"elementor-element elementor-element-dc02272 elementor-widget elementor-widget-heading\" data-id=\"dc02272\" data-element_type=\"widget\" data-e-type=\"widget\" data-widget_type=\"heading.default\">\n\t\t\t\t<div class=\"elementor-widget-container\">\n\t\t\t\t\t<h1 class=\"elementor-heading-title elementor-size-default\">D\u00f3nde ir a hacer enoturismo en Catalu\u00f1a\n<\/h1>\t\t\t\t<\/div>\n\t\t\t\t<\/div>\n\t\t\t\t\t<\/div>\n\t\t\t\t<\/div>\n\t\t<div class=\"elementor-element elementor-element-6d4ec3b e-flex e-con-boxed e-con e-parent\" data-id=\"6d4ec3b\" data-element_type=\"container\" data-e-type=\"container\">\n\t\t\t\t\t<div class=\"e-con-inner\">\n\t\t\t\t<div class=\"elementor-element elementor-element-8e0fbd1 elementor-widget elementor-widget-text-editor\" data-id=\"8e0fbd1\" data-element_type=\"widget\" data-e-type=\"widget\" data-widget_type=\"text-editor.default\">\n\t\t\t\t<div class=\"elementor-widget-container\">\n\t\t\t\t\t\t\t\t\t<p>Catalu\u00f1a es un gran destino de enoturismo con regiones vin\u00edcolas diversas. Aqu\u00ed encontrar\u00e1s lugares seleccionados para decidir d\u00f3nde ir seg\u00fan territorio y tipo de espacio, desde el <a href=\"https:\/\/enoturista.cat\/es\/penedes\/\" target=\"_blank\" rel=\"noopener\">Pened\u00e8s <\/a>y el <a href=\"https:\/\/enoturista.cat\/es\/priorat\/\" target=\"_blank\" rel=\"noopener\">Priorat <\/a>hasta el <a href=\"https:\/\/enoturista.cat\/es\/emporda\/\" target=\"_blank\" rel=\"noopener\">Empord\u00e0<\/a>, <a href=\"https:\/\/enoturista.cat\/es\/lleida\/\" target=\"_blank\" rel=\"noopener\">Lleida <\/a>o la <a href=\"https:\/\/enoturista.cat\/es\/terra-alta\/\" target=\"_blank\" rel=\"noopener\">Terra Alta<\/a>. <\/p>\t\t\t\t\t\t\t\t<\/div>\n\t\t\t\t<\/div>\n\t\t\t\t<div class=\"elementor-element elementor-element-0c24b3d elementor-widget elementor-widget-shortcode\" data-id=\"0c24b3d\" data-element_type=\"widget\" data-e-type=\"widget\" data-widget_type=\"shortcode.default\">\n\t\t\t\t<div class=\"elementor-widget-container\">\n\t\t\t\t\t\t\t<div class=\"elementor-shortcode\"><div class=\"filtres-wrapper\"><div>Mostrar filtros<button type=\"button\" class=\"toggle-filtres\"><i class=\"fa-solid fa-chevron-down\"><\/i><\/button><\/div><form class=\"destinacions-filter\" onsubmit=\"return filtraDestinacions(this)\"><select name=\"regio\"><option value=\"\">Regi\u00f3n<\/option><option value=\"alella\">Alella<\/option><option value=\"bages\">Bages<\/option><option value=\"conca-barbera\">Conca de Barber\u00e0<\/option><option value=\"emporda\">Empord\u00e0<\/option><option value=\"lleida\">Lleida<\/option><option value=\"penedes\">Pened\u00e8s<\/option><option value=\"priorat\">Priorat<\/option><option value=\"tarragona\">Tarragona<\/option><option value=\"terra-alta\">Terra Alta<\/option><\/select><select name=\"tipus\"><option value=\"\">Tipos<\/option><option value=\"alojamiento\">Alojamiento<\/option><option value=\"bar-vinos\">Bar de Vinos<\/option><option value=\"bodega\">Bodega<\/option><option value=\"espacio-interes\">Espacio de Inter\u00e9s<\/option><option value=\"restaurante\">Restaurante<\/option><option value=\"tienda-vinos\">Tienda de Vinos<\/option><\/select><input type=\"text\" name=\"q\" placeholder=\"Buscar\" value=\"\"><button type=\"submit\">Filtrar<\/button><a href=\"https:\/\/enoturista.cat\/es\/enoturismo\/\" class=\"reiniciar-filtres\">Reiniciar<\/a><\/form><script>\n\tfunction filtraDestinacions(form) {\n\t\tconst base = \"https:\/\/enoturista.cat\/es\/enoturismo\/\";\n\t\tconst tots = \"todos\";\n\t\tconst regio = form.regio?.value;\n\t\tconst tipus = form.tipus?.value;\n\t\tconst q = form.q?.value;\n\t\tlet path = base;\n\t\tif (regio && tipus) path += `\/${tipus}\/${regio}`;\n\t\telse if (regio) path += `\/${tots}\/${regio}`;\n\t\telse if (tipus) path += `\/${tipus}`;\n\t\tlet query = \"\";\n\t\tif (q) query = `?q=${encodeURIComponent(q)}`;\n\t\twindow.location.href = path + \"\/\" + query;\n\t\treturn false;\n\t}\n\t<\/script><\/div><div class=\"destinacions-list destacats\"><h2>Tipo de establecimientos<\/h2><div class=\"destacat\"><a href=\"\/es\/bodegas\/\"><div><img decoding=\"async\" src=\"\/wp-content\/uploads\/2025\/08\/Cellers-Enoturisme-Experiencies.webp\"><h3>Bodegas<\/h3><\/div><\/a><\/div><div class=\"destacat\"><a href=\"\/es\/restaurantes\/\"><div><img decoding=\"async\" src=\"\/wp-content\/uploads\/2025\/08\/Restaurants-Enoturisme-Experiencies.webp\"><h3>Restaurantes<\/h3><\/div><\/a><\/div><div class=\"destacat\"><a href=\"\/es\/bares-vinos\/\"><div><img decoding=\"async\" src=\"\/wp-content\/uploads\/2025\/08\/Bars-Vins-Enoturisme.webp\"><h3>Bares de vinos<\/h3><\/div><\/a><\/div><div class=\"destacat\"><a href=\"\/es\/alojamientos\/\"><div><img decoding=\"async\" src=\"\/wp-content\/uploads\/2025\/08\/Allotjaments-Enoturisme-Experiencies.webp\"><h3>Alojamientos<\/h3><\/div><\/a><\/div><div class=\"destacat\"><a href=\"\/es\/tiendas-de-vinos\/\"><div><img decoding=\"async\" src=\"\/wp-content\/uploads\/2025\/08\/Botigues-Vins-Enoturisme.webp\"><h3>Tiendas<\/h3><\/div><\/a><\/div><div class=\"destacat\"><a href=\"\/es\/espacios-interes\/\"><div><img decoding=\"async\" src=\"\/wp-content\/uploads\/2025\/08\/Espais-Interes-Enoturisme.webp\"><h3>Espacios de inter\u00e9s<\/h3><\/div><\/a><\/div><\/div><div class=\"destinacions-list\"><div class=\"destinacio-item\"><a href=\"https:\/\/enoturista.cat\/es\/visita\/pares-balta\/\"><div class=\"destinacio-img\"><img fetchpriority=\"high\" decoding=\"async\" width=\"1000\" height=\"750\" src=\"https:\/\/enoturista.cat\/wp-content\/uploads\/2024\/01\/Pares-Balta-penedes-2.jpg\" class=\"attachment-full size-full wp-post-image\" alt=\"Visita al celler Par\u00e9s Balt\u00e0 amb l&#039;en\u00f2loga Marta Casas\" srcset=\"https:\/\/enoturista.cat\/wp-content\/uploads\/2024\/01\/Pares-Balta-penedes-2.jpg 1000w, https:\/\/enoturista.cat\/wp-content\/uploads\/2024\/01\/Pares-Balta-penedes-2-300x225.jpg 300w, https:\/\/enoturista.cat\/wp-content\/uploads\/2024\/01\/Pares-Balta-penedes-2-768x576.jpg 768w\" sizes=\"(max-width: 1000px) 100vw, 1000px\" loading=\"eager\" fetchpriority=\"high\" \/><\/div><div class=\"destinacio-cos\"><h3>Par\u00e9s Balt\u00e0<\/h3><\/div><\/a><\/div><div class=\"destinacio-item\"><a href=\"https:\/\/enoturista.cat\/es\/visita\/la-vinyeta\/\"><div class=\"destinacio-img\"><img decoding=\"async\" width=\"1000\" height=\"750\" src=\"https:\/\/enoturista.cat\/wp-content\/uploads\/2025\/06\/Vinyeta-Emporda-2.jpg\" class=\"attachment-full size-full wp-post-image\" alt=\"Esmorzar de pag\u00e8s al celler La Vinyeta de l&#039;Alt Empord\u00e0\" srcset=\"https:\/\/enoturista.cat\/wp-content\/uploads\/2025\/06\/Vinyeta-Emporda-2.jpg 1000w, https:\/\/enoturista.cat\/wp-content\/uploads\/2025\/06\/Vinyeta-Emporda-2-300x225.jpg 300w, https:\/\/enoturista.cat\/wp-content\/uploads\/2025\/06\/Vinyeta-Emporda-2-768x576.jpg 768w\" sizes=\"(max-width: 1000px) 100vw, 1000px\" \/><\/div><div class=\"destinacio-cos\"><h3>La Vinyeta<\/h3><\/div><\/a><\/div><div class=\"destinacio-item\"><a href=\"https:\/\/enoturista.cat\/es\/visita\/vall-llach\/\"><div class=\"destinacio-img\"><img decoding=\"async\" width=\"1000\" height=\"750\" src=\"https:\/\/enoturista.cat\/wp-content\/uploads\/2025\/06\/Vall-Llach-Porrera-Priorat-22_05f09a0c.jpg\" class=\"attachment-full size-full wp-post-image\" alt=\"Tast de vins del Priorat al celler Vall Llach de Porrera\" srcset=\"https:\/\/enoturista.cat\/wp-content\/uploads\/2025\/06\/Vall-Llach-Porrera-Priorat-22_05f09a0c.jpg 1000w, https:\/\/enoturista.cat\/wp-content\/uploads\/2025\/06\/Vall-Llach-Porrera-Priorat-22_05f09a0c-300x225.jpg 300w, https:\/\/enoturista.cat\/wp-content\/uploads\/2025\/06\/Vall-Llach-Porrera-Priorat-22_05f09a0c-768x576.jpg 768w\" sizes=\"(max-width: 1000px) 100vw, 1000px\" \/><\/div><div class=\"destinacio-cos\"><h3>Vall Llach<\/h3><\/div><\/a><\/div><div class=\"destinacio-item\"><a href=\"https:\/\/enoturista.cat\/es\/visita\/castillo-remei\/\"><div class=\"destinacio-img\"><img decoding=\"async\" width=\"1000\" height=\"750\" src=\"https:\/\/enoturista.cat\/wp-content\/uploads\/2025\/06\/Castell-Remei-Visita-1_55dc8698.jpg\" class=\"attachment-full size-full wp-post-image\" alt=\"\" srcset=\"https:\/\/enoturista.cat\/wp-content\/uploads\/2025\/06\/Castell-Remei-Visita-1_55dc8698.jpg 1000w, https:\/\/enoturista.cat\/wp-content\/uploads\/2025\/06\/Castell-Remei-Visita-1_55dc8698-300x225.jpg 300w, https:\/\/enoturista.cat\/wp-content\/uploads\/2025\/06\/Castell-Remei-Visita-1_55dc8698-768x576.jpg 768w\" sizes=\"(max-width: 1000px) 100vw, 1000px\" \/><\/div><div class=\"destinacio-cos\"><h3>Castillo del Remei<\/h3><\/div><\/a><\/div><div class=\"destinacio-item\"><a href=\"https:\/\/enoturista.cat\/es\/visita\/adernats\/\"><div class=\"destinacio-img\"><img loading=\"lazy\" decoding=\"async\" width=\"1000\" height=\"750\" src=\"https:\/\/enoturista.cat\/wp-content\/uploads\/2024\/01\/Adernats-Catedral3.jpg\" class=\"attachment-full size-full wp-post-image\" alt=\"El celler Adernats \u00e9s una catedral del vi\" srcset=\"https:\/\/enoturista.cat\/wp-content\/uploads\/2024\/01\/Adernats-Catedral3.jpg 1000w, https:\/\/enoturista.cat\/wp-content\/uploads\/2024\/01\/Adernats-Catedral3-300x225.jpg 300w, https:\/\/enoturista.cat\/wp-content\/uploads\/2024\/01\/Adernats-Catedral3-768x576.jpg 768w\" sizes=\"(max-width: 1000px) 100vw, 1000px\" \/><\/div><div class=\"destinacio-cos\"><h3>Adernats<\/h3><\/div><\/a><\/div><div class=\"destinacio-item\"><a href=\"https:\/\/enoturista.cat\/es\/visita\/restaurante-jardi-el-celleret-familia-torres-penedes\/\"><div class=\"destinacio-img\"><img loading=\"lazy\" decoding=\"async\" width=\"1000\" height=\"750\" src=\"https:\/\/enoturista.cat\/wp-content\/uploads\/2025\/06\/Celleret-Restaurant-Penedes-12_2b5b1b97.jpg\" class=\"attachment-full size-full wp-post-image\" alt=\"\" srcset=\"https:\/\/enoturista.cat\/wp-content\/uploads\/2025\/06\/Celleret-Restaurant-Penedes-12_2b5b1b97.jpg 1000w, https:\/\/enoturista.cat\/wp-content\/uploads\/2025\/06\/Celleret-Restaurant-Penedes-12_2b5b1b97-300x225.jpg 300w, https:\/\/enoturista.cat\/wp-content\/uploads\/2025\/06\/Celleret-Restaurant-Penedes-12_2b5b1b97-768x576.jpg 768w\" sizes=\"(max-width: 1000px) 100vw, 1000px\" \/><\/div><div class=\"destinacio-cos\"><h3>Jard\u00edn El Celleret de Familia Torres<\/h3><\/div><\/a><\/div><\/div><div class=\"paginacio\"><\/div><\/div>\n\t\t\t\t\t\t<\/div>\n\t\t\t\t<\/div>\n\t\t\t\t\t<\/div>\n\t\t\t\t<\/div>\n\t\t<div class=\"elementor-element elementor-element-439dfff e-flex e-con-boxed e-con e-parent\" data-id=\"439dfff\" data-element_type=\"container\" data-e-type=\"container\">\n\t\t\t\t\t<div class=\"e-con-inner\">\n\t\t<div class=\"elementor-element elementor-element-40c3825 e-con-full e-flex e-con e-child\" data-id=\"40c3825\" data-element_type=\"container\" data-e-type=\"container\">\n\t\t\t\t<div class=\"elementor-element elementor-element-fbce2df elementor-widget elementor-widget-heading\" data-id=\"fbce2df\" data-element_type=\"widget\" data-e-type=\"widget\" data-widget_type=\"heading.default\">\n\t\t\t\t<div class=\"elementor-widget-container\">\n\t\t\t\t\t<h2 class=\"elementor-heading-title elementor-size-default\">Regiones de enoturismo en Catalu\u00f1a<\/h2>\t\t\t\t<\/div>\n\t\t\t\t<\/div>\n\t\t\t\t<div class=\"elementor-element elementor-element-4712c31 destacats elementor-widget elementor-widget-shortcode\" data-id=\"4712c31\" data-element_type=\"widget\" data-e-type=\"widget\" data-widget_type=\"shortcode.default\">\n\t\t\t\t<div class=\"elementor-widget-container\">\n\t\t\t\t\t\t\t<div class=\"elementor-shortcode\"><div class=\"scroll-horitzontal\"><div class=\"destacat\"><a href=\"\/es\/penedes\/\"><div><img decoding=\"async\" src=\"\/wp-content\/uploads\/2026\/03\/Enoturisme-Penedes-Mirador-Espiells.webp\"><h3>Pened\u00e8s<\/h3><\/div><\/a><\/div><div class=\"destacat\"><a href=\"\/es\/priorat\/\"><div><img decoding=\"async\" src=\"\/wp-content\/uploads\/2026\/03\/Priorat-Mas-Gil-2.webp\"><h3>Priorat<\/h3><\/div><\/a><\/div><div class=\"destacat\"><a href=\"\/es\/emporda\/\"><div><img decoding=\"async\" src=\"\/wp-content\/uploads\/2026\/03\/Emporda-Empordalia-1.webp\"><h3>Empord\u00e0<\/h3><\/div><\/a><\/div><div class=\"destacat\"><a href=\"\/es\/lleida\/\"><div><img decoding=\"async\" src=\"\/wp-content\/uploads\/2026\/03\/Enoturisme-Lleida-Cabana-Volta.webp\"><h3>Lleida<\/h3><\/div><\/a><\/div><div class=\"destacat\"><a href=\"\/es\/terra-alta\/\"><div><img decoding=\"async\" src=\"\/wp-content\/uploads\/2026\/03\/Terra-Alta-toll-esquenes.webp\"><h3>Terra Alta<\/h3><\/div><\/a><\/div><div class=\"destacat\"><a href=\"\/es\/bages\/\"><div><img decoding=\"async\" src=\"\/wp-content\/uploads\/2026\/03\/Enoturisme-Bages.webp\"><h3>Bages<\/h3><\/div><\/a><\/div><div class=\"destacat\"><a href=\"\/es\/conca-barbera\/\"><div><img decoding=\"async\" src=\"\/wp-content\/uploads\/2026\/03\/Enoturisme-Conca-Montblanc.webp\"><h3>Conca<\/h3><\/div><\/a><\/div><div class=\"destacat\"><a href=\"\/es\/alella\/\"><div><img decoding=\"async\" src=\"\/wp-content\/uploads\/2026\/03\/Enoturisme-Alella-Regio.webp\"><h3>Alella<\/h3><\/div><\/a><\/div><div class=\"destacat\"><a href=\"\/es\/tarragona\/\"><div><img decoding=\"async\" src=\"\/wp-content\/uploads\/2026\/03\/Tarragona-Tarraco-1.webp\"><h3>Tarragona<\/h3><\/div><\/a><\/div><\/div><script>\n\tdocument.querySelectorAll(\".scroll-horitzontal\").forEach(s => {\n\t\tif(matchMedia(\"(pointer: coarse)\").matches) return; \/\/ Ignore on touch devices\n\t\tlet down=false, startX, sLeft, dragged=false;\n\t\ts.style.cursor = \"grab\";\n\t\ts.addEventListener(\"mousedown\", e => { down=true; dragged=false; startX=e.pageX; sLeft=s.scrollLeft; s.style.cursor=\"grabbing\"; });\n\t\ts.addEventListener(\"mouseleave\", () => { down=false; s.style.cursor=\"grab\"; });\n\t\ts.addEventListener(\"mouseup\", () => { down=false; s.style.cursor=\"grab\"; });\n\t\ts.addEventListener(\"mousemove\", e => {\n\t\t\tif(!down) return;\n\t\t\tdragged=true;\n\t\t\ts.scrollLeft = sLeft - (e.pageX - startX) * 1.5;\n\t\t});\n\t\ts.addEventListener(\"click\", e => { if(dragged) e.preventDefault(); }, true);\n\t\ts.addEventListener(\"dragstart\", e => e.preventDefault());\n\t});\n\t<\/script><\/div>\n\t\t\t\t\t\t<\/div>\n\t\t\t\t<\/div>\n\t\t\t\t<\/div>\n\t\t\t\t\t<\/div>\n\t\t\t\t<\/div>\n\t\t<div class=\"elementor-element elementor-element-a1e08be e-flex e-con-boxed e-con e-parent\" data-id=\"a1e08be\" data-element_type=\"container\" data-e-type=\"container\">\n\t\t\t\t\t<div class=\"e-con-inner\">\n\t\t\t\t<div class=\"elementor-element elementor-element-d42de34 elementor-widget elementor-widget-heading\" data-id=\"d42de34\" data-element_type=\"widget\" data-e-type=\"widget\" data-widget_type=\"heading.default\">\n\t\t\t\t<div class=\"elementor-widget-container\">\n\t\t\t\t\t<h2 class=\"elementor-heading-title elementor-size-default\">Territorios y espacios para descubrir el enoturismo<\/h2>\t\t\t\t<\/div>\n\t\t\t\t<\/div>\n\t\t\t\t<div class=\"elementor-element elementor-element-6853738 elementor-widget elementor-widget-text-editor\" data-id=\"6853738\" data-element_type=\"widget\" data-e-type=\"widget\" data-widget_type=\"text-editor.default\">\n\t\t\t\t<div class=\"elementor-widget-container\">\n\t\t\t\t\t\t\t\t\t<p>El <strong>enoturismo en Catalu\u00f1a<\/strong> se construye a partir del <strong>territorio <\/strong>y de los <strong>espacios <\/strong>que le dan forma. Por eso esta p\u00e1gina organiza los destinos seg\u00fan dos claves principales: las <strong>regiones vin\u00edcolas<\/strong> y el <strong>tipo de establecimiento<\/strong>. <\/p><p>Las <strong>regiones <\/strong>permiten entender el contexto -paisaje, variedades, tradici\u00f3n y estilo- mientras que los diferentes <strong>espacios <\/strong>(bodegas, restaurantes, alojamientos o bares de vinos) muestran c\u00f3mo se vive el vino en cada lugar. Esta doble mirada facilita encontrar <strong>destinos <\/strong>coherentes con cada viajero. <\/p><p>En <a href=\"https:\/\/enoturista.cat\/es\/\" target=\"_blank\" rel=\"noopener\"><strong>ENOTURISTA <\/strong><\/a>seleccionamos cada sitio con <strong>criterio editorial independiente<\/strong>, priorizando <a href=\"https:\/\/enoturista.cat\/es\/experiencias\/\" target=\"_blank\" rel=\"noopener\">experiencias con valor real<\/a> y vinculaci\u00f3n con el territorio. Use los <strong>filtros <\/strong>para explorar regiones y espacios y descubrir nuevas <a href=\"https:\/\/enoturista.cat\/es\/articulos\/\" target=\"_blank\" rel=\"noopener\">ideas <\/a>para planificar tu escapada. <\/p>\t\t\t\t\t\t\t\t<\/div>\n\t\t\t\t<\/div>\n\t\t\t\t\t<\/div>\n\t\t\t\t<\/div>\n\t\t\t\t<\/div>\n\t\t","protected":false},"excerpt":{"rendered":"<p>Descubre el enoturismo en Catalu\u00f1a: bodegas, restaurantes, alojamientos y espacios del vino, que seleccionamos con criterio editorial.<\/p>\n","protected":false},"author":1,"featured_media":0,"parent":0,"menu_order":0,"comment_status":"closed","ping_status":"closed","template":"","meta":{"_acf_changed":false,"footnotes":""},"etiqueta":[],"regio":[],"categoria":[],"tipus":[],"tipus-pagina":[],"class_list":["post-14578","page","type-page","status-publish","hentry"],"acf":[],"yoast_head":"<!-- This site is optimized with the Yoast SEO plugin v27.4 - https:\/\/yoast.com\/product\/yoast-seo-wordpress\/ -->\n<title>D\u00f3nde ir a hacer enoturismo en Catalunya | ENOTURISTA<\/title>\n<meta name=\"description\" content=\"Descubre d\u00f3nde hacer enoturismo en Catalu\u00f1a con bodegas visitables, restaurantes, alojamientos y espacios del vino por regiones y tipos de establecimiento\" \/>\n<meta name=\"robots\" content=\"index, follow, max-snippet:-1, max-image-preview:large, max-video-preview:-1\" \/>\n<link rel=\"canonical\" href=\"https:\/\/enoturista.cat\/es\/enoturismo\/\" \/>\n<meta property=\"og:locale\" content=\"es_ES\" \/>\n<meta property=\"og:type\" content=\"article\" \/>\n<meta property=\"og:title\" content=\"D\u00f3nde ir a hacer enoturismo en Catalunya | ENOTURISTA\" \/>\n<meta property=\"og:description\" content=\"Descubre d\u00f3nde hacer enoturismo en Catalu\u00f1a con bodegas visitables, restaurantes, alojamientos y espacios del vino por regiones y tipos de establecimiento\" \/>\n<meta property=\"og:url\" content=\"https:\/\/enoturista.cat\/es\/enoturismo\/\" \/>\n<meta property=\"og:site_name\" content=\"Enoturista\" \/>\n<meta property=\"article:publisher\" content=\"https:\/\/www.facebook.com\/enoturista.wine\" \/>\n<meta property=\"article:modified_time\" content=\"2026-03-18T10:02:09+00:00\" \/>\n<meta name=\"twitter:card\" content=\"summary_large_image\" \/>\n<meta name=\"twitter:site\" content=\"@enoturista_\" \/>\n<meta name=\"twitter:label1\" content=\"Tiempo de lectura\" \/>\n\t<meta name=\"twitter:data1\" content=\"1 minuto\" \/>\n<script type=\"application\/ld+json\" class=\"yoast-schema-graph\">{\"@context\":\"https:\\\/\\\/schema.org\",\"@graph\":[{\"@type\":\"WebPage\",\"@id\":\"https:\\\/\\\/enoturista.cat\\\/es\\\/enoturismo\\\/\",\"url\":\"https:\\\/\\\/enoturista.cat\\\/es\\\/enoturismo\\\/\",\"name\":\"D\u00f3nde ir a hacer enoturismo en Catalunya | ENOTURISTA\",\"isPartOf\":{\"@id\":\"https:\\\/\\\/enoturista.cat\\\/es\\\/#website\"},\"datePublished\":\"2025-06-23T11:27:38+00:00\",\"dateModified\":\"2026-03-18T10:02:09+00:00\",\"description\":\"Descubre d\u00f3nde hacer enoturismo en Catalu\u00f1a con bodegas visitables, restaurantes, alojamientos y espacios del vino por regiones y tipos de establecimiento\",\"breadcrumb\":{\"@id\":\"https:\\\/\\\/enoturista.cat\\\/es\\\/enoturismo\\\/#breadcrumb\"},\"inLanguage\":\"es\",\"potentialAction\":[{\"@type\":\"ReadAction\",\"target\":[\"https:\\\/\\\/enoturista.cat\\\/es\\\/enoturismo\\\/\"]}]},{\"@type\":\"BreadcrumbList\",\"@id\":\"https:\\\/\\\/enoturista.cat\\\/es\\\/enoturismo\\\/#breadcrumb\",\"itemListElement\":[{\"@type\":\"ListItem\",\"position\":1,\"name\":\"Inici\",\"item\":\"https:\\\/\\\/enoturista.cat\\\/es\\\/inicio\\\/\"},{\"@type\":\"ListItem\",\"position\":2,\"name\":\"Enoturismo\"}]},{\"@type\":\"WebSite\",\"@id\":\"https:\\\/\\\/enoturista.cat\\\/es\\\/#website\",\"url\":\"https:\\\/\\\/enoturista.cat\\\/es\\\/\",\"name\":\"Enoturista\",\"description\":\"La Guia Digital d&#039;Enoturisme a Catalunya\",\"publisher\":{\"@id\":\"https:\\\/\\\/enoturista.cat\\\/es\\\/#organization\"},\"potentialAction\":[{\"@type\":\"SearchAction\",\"target\":{\"@type\":\"EntryPoint\",\"urlTemplate\":\"https:\\\/\\\/enoturista.cat\\\/es\\\/?s={search_term_string}\"},\"query-input\":{\"@type\":\"PropertyValueSpecification\",\"valueRequired\":true,\"valueName\":\"search_term_string\"}}],\"inLanguage\":\"es\"},{\"@type\":\"Organization\",\"@id\":\"https:\\\/\\\/enoturista.cat\\\/es\\\/#organization\",\"name\":\"Enoturista\",\"url\":\"https:\\\/\\\/enoturista.cat\\\/es\\\/\",\"logo\":{\"@type\":\"ImageObject\",\"inLanguage\":\"es\",\"@id\":\"https:\\\/\\\/enoturista.cat\\\/es\\\/#\\\/schema\\\/logo\\\/image\\\/\",\"url\":\"https:\\\/\\\/enoturista.cat\\\/wp-content\\\/uploads\\\/2025\\\/12\\\/ENOTURISTA-LOGOTIPO-favicon.png\",\"contentUrl\":\"https:\\\/\\\/enoturista.cat\\\/wp-content\\\/uploads\\\/2025\\\/12\\\/ENOTURISTA-LOGOTIPO-favicon.png\",\"width\":240,\"height\":288,\"caption\":\"Enoturista\"},\"image\":{\"@id\":\"https:\\\/\\\/enoturista.cat\\\/es\\\/#\\\/schema\\\/logo\\\/image\\\/\"},\"sameAs\":[\"https:\\\/\\\/www.facebook.com\\\/enoturista.wine\",\"https:\\\/\\\/x.com\\\/enoturista_\",\"https:\\\/\\\/www.instagram.com\\\/enoturista\\\/\",\"https:\\\/\\\/www.linkedin.com\\\/in\\\/enoturista\\\/\",\"https:\\\/\\\/www.tiktok.com\\\/@enoturista\",\"https:\\\/\\\/www.youtube.com\\\/@enoturista\"]}]}<\/script>\n<!-- \/ Yoast SEO plugin. -->","yoast_head_json":{"title":"D\u00f3nde ir a hacer enoturismo en Catalunya | ENOTURISTA","description":"Descubre d\u00f3nde hacer enoturismo en Catalu\u00f1a con bodegas visitables, restaurantes, alojamientos y espacios del vino por regiones y tipos de establecimiento","robots":{"index":"index","follow":"follow","max-snippet":"max-snippet:-1","max-image-preview":"max-image-preview:large","max-video-preview":"max-video-preview:-1"},"canonical":"https:\/\/enoturista.cat\/es\/enoturismo\/","og_locale":"es_ES","og_type":"article","og_title":"D\u00f3nde ir a hacer enoturismo en Catalunya | ENOTURISTA","og_description":"Descubre d\u00f3nde hacer enoturismo en Catalu\u00f1a con bodegas visitables, restaurantes, alojamientos y espacios del vino por regiones y tipos de establecimiento","og_url":"https:\/\/enoturista.cat\/es\/enoturismo\/","og_site_name":"Enoturista","article_publisher":"https:\/\/www.facebook.com\/enoturista.wine","article_modified_time":"2026-03-18T10:02:09+00:00","twitter_card":"summary_large_image","twitter_site":"@enoturista_","twitter_misc":{"Tiempo de lectura":"1 minuto"},"schema":{"@context":"https:\/\/schema.org","@graph":[{"@type":"WebPage","@id":"https:\/\/enoturista.cat\/es\/enoturismo\/","url":"https:\/\/enoturista.cat\/es\/enoturismo\/","name":"D\u00f3nde ir a hacer enoturismo en Catalunya | ENOTURISTA","isPartOf":{"@id":"https:\/\/enoturista.cat\/es\/#website"},"datePublished":"2025-06-23T11:27:38+00:00","dateModified":"2026-03-18T10:02:09+00:00","description":"Descubre d\u00f3nde hacer enoturismo en Catalu\u00f1a con bodegas visitables, restaurantes, alojamientos y espacios del vino por regiones y tipos de establecimiento","breadcrumb":{"@id":"https:\/\/enoturista.cat\/es\/enoturismo\/#breadcrumb"},"inLanguage":"es","potentialAction":[{"@type":"ReadAction","target":["https:\/\/enoturista.cat\/es\/enoturismo\/"]}]},{"@type":"BreadcrumbList","@id":"https:\/\/enoturista.cat\/es\/enoturismo\/#breadcrumb","itemListElement":[{"@type":"ListItem","position":1,"name":"Inici","item":"https:\/\/enoturista.cat\/es\/inicio\/"},{"@type":"ListItem","position":2,"name":"Enoturismo"}]},{"@type":"WebSite","@id":"https:\/\/enoturista.cat\/es\/#website","url":"https:\/\/enoturista.cat\/es\/","name":"Enoturista","description":"La Guia Digital d&#039;Enoturisme a Catalunya","publisher":{"@id":"https:\/\/enoturista.cat\/es\/#organization"},"potentialAction":[{"@type":"SearchAction","target":{"@type":"EntryPoint","urlTemplate":"https:\/\/enoturista.cat\/es\/?s={search_term_string}"},"query-input":{"@type":"PropertyValueSpecification","valueRequired":true,"valueName":"search_term_string"}}],"inLanguage":"es"},{"@type":"Organization","@id":"https:\/\/enoturista.cat\/es\/#organization","name":"Enoturista","url":"https:\/\/enoturista.cat\/es\/","logo":{"@type":"ImageObject","inLanguage":"es","@id":"https:\/\/enoturista.cat\/es\/#\/schema\/logo\/image\/","url":"https:\/\/enoturista.cat\/wp-content\/uploads\/2025\/12\/ENOTURISTA-LOGOTIPO-favicon.png","contentUrl":"https:\/\/enoturista.cat\/wp-content\/uploads\/2025\/12\/ENOTURISTA-LOGOTIPO-favicon.png","width":240,"height":288,"caption":"Enoturista"},"image":{"@id":"https:\/\/enoturista.cat\/es\/#\/schema\/logo\/image\/"},"sameAs":["https:\/\/www.facebook.com\/enoturista.wine","https:\/\/x.com\/enoturista_","https:\/\/www.instagram.com\/enoturista\/","https:\/\/www.linkedin.com\/in\/enoturista\/","https:\/\/www.tiktok.com\/@enoturista","https:\/\/www.youtube.com\/@enoturista"]}]}},"_links":{"self":[{"href":"https:\/\/enoturista.cat\/es\/wp-json\/wp\/v2\/pages\/14578","targetHints":{"allow":["GET"]}}],"collection":[{"href":"https:\/\/enoturista.cat\/es\/wp-json\/wp\/v2\/pages"}],"about":[{"href":"https:\/\/enoturista.cat\/es\/wp-json\/wp\/v2\/types\/page"}],"author":[{"embeddable":true,"href":"https:\/\/enoturista.cat\/es\/wp-json\/wp\/v2\/users\/1"}],"replies":[{"embeddable":true,"href":"https:\/\/enoturista.cat\/es\/wp-json\/wp\/v2\/comments?post=14578"}],"version-history":[{"count":9,"href":"https:\/\/enoturista.cat\/es\/wp-json\/wp\/v2\/pages\/14578\/revisions"}],"predecessor-version":[{"id":16292,"href":"https:\/\/enoturista.cat\/es\/wp-json\/wp\/v2\/pages\/14578\/revisions\/16292"}],"wp:attachment":[{"href":"https:\/\/enoturista.cat\/es\/wp-json\/wp\/v2\/media?parent=14578"}],"wp:term":[{"taxonomy":"etiqueta","embeddable":true,"href":"https:\/\/enoturista.cat\/es\/wp-json\/wp\/v2\/etiqueta?post=14578"},{"taxonomy":"regio","embeddable":true,"href":"https:\/\/enoturista.cat\/es\/wp-json\/wp\/v2\/regio?post=14578"},{"taxonomy":"categoria","embeddable":true,"href":"https:\/\/enoturista.cat\/es\/wp-json\/wp\/v2\/categoria?post=14578"},{"taxonomy":"tipus","embeddable":true,"href":"https:\/\/enoturista.cat\/es\/wp-json\/wp\/v2\/tipus?post=14578"},{"taxonomy":"tipus-pagina","embeddable":true,"href":"https:\/\/enoturista.cat\/es\/wp-json\/wp\/v2\/tipus-pagina?post=14578"}],"curies":[{"name":"wp","href":"https:\/\/api.w.org\/{rel}","templated":true}]}}