{"id":14543,"date":"2025-06-18T13:35:37","date_gmt":"2025-06-18T11:35:37","guid":{"rendered":"https:\/\/enoturista.cat\/contacto\/"},"modified":"2026-02-27T13:39:22","modified_gmt":"2026-02-27T11:39:22","slug":"contacto","status":"publish","type":"page","link":"https:\/\/enoturista.cat\/es\/contacto\/","title":{"rendered":"Contacto"},"content":{"rendered":"\t\t<div data-elementor-type=\"wp-page\" data-elementor-id=\"14543\" class=\"elementor elementor-14543 elementor-18\" data-elementor-post-type=\"page\">\n\t\t\t\t<div class=\"elementor-element elementor-element-e42bdfd e-flex e-con-boxed e-con e-parent\" data-id=\"e42bdfd\" data-element_type=\"container\" data-e-type=\"container\" data-settings=\"{&quot;background_background&quot;:&quot;classic&quot;}\">\n\t\t\t\t\t<div class=\"e-con-inner\">\n\t\t\t\t<div class=\"elementor-element elementor-element-0db1a7c elementor-widget elementor-widget-heading\" data-id=\"0db1a7c\" data-element_type=\"widget\" data-e-type=\"widget\" data-widget_type=\"heading.default\">\n\t\t\t\t<div class=\"elementor-widget-container\">\n\t\t\t\t\t<h1 class=\"elementor-heading-title elementor-size-default\">Contacto<\/h1>\t\t\t\t<\/div>\n\t\t\t\t<\/div>\n\t\t\t\t\t<\/div>\n\t\t\t\t<\/div>\n\t\t<div class=\"elementor-element elementor-element-d8b4158 e-flex e-con-boxed e-con e-parent\" data-id=\"d8b4158\" data-element_type=\"container\" data-e-type=\"container\">\n\t\t\t\t\t<div class=\"e-con-inner\">\n\t\t<div class=\"elementor-element elementor-element-e6af43b e-con-full e-flex e-con e-child\" data-id=\"e6af43b\" data-element_type=\"container\" data-e-type=\"container\">\n\t\t\t\t<div class=\"elementor-element elementor-element-54caf53 elementor-button-align-stretch elementor-widget elementor-widget-form\" data-id=\"54caf53\" data-element_type=\"widget\" data-e-type=\"widget\" data-settings=\"{&quot;button_width&quot;:&quot;20&quot;,&quot;button_width_tablet&quot;:&quot;100&quot;,&quot;step_next_label&quot;:&quot;Next&quot;,&quot;step_previous_label&quot;:&quot;Previous&quot;,&quot;step_type&quot;:&quot;number_text&quot;,&quot;step_icon_shape&quot;:&quot;circle&quot;}\" data-widget_type=\"form.default\">\n\t\t\t\t<div class=\"elementor-widget-container\">\n\t\t\t\t\t\t\t<form class=\"elementor-form\" method=\"post\" name=\"New Form\" aria-label=\"New Form\">\n\t\t\t<input type=\"hidden\" name=\"post_id\" value=\"14543\"\/>\n\t\t\t<input type=\"hidden\" name=\"form_id\" value=\"54caf53\"\/>\n\t\t\t<input type=\"hidden\" name=\"referer_title\" value=\"Contacto: escr\u00edbenos un correo o env\u00eda el formulario | Enoturista\" \/>\n\n\t\t\t\t\t\t\t<input type=\"hidden\" name=\"queried_id\" value=\"14543\"\/>\n\t\t\t\n\t\t\t<div class=\"elementor-form-fields-wrapper elementor-labels-\">\n\t\t\t\t\t\t\t\t<div class=\"elementor-field-type-text elementor-field-group elementor-column elementor-field-group-name elementor-col-33 elementor-md-100 elementor-field-required\">\n\t\t\t\t\t\t\t\t\t\t\t\t<label for=\"form-field-name\" class=\"elementor-field-label elementor-screen-only\">\n\t\t\t\t\t\t\t\tNombre\t\t\t\t\t\t\t<\/label>\n\t\t\t\t\t\t\t\t\t\t\t\t\t\t<input size=\"1\" type=\"text\" name=\"form_fields[name]\" id=\"form-field-name\" class=\"elementor-field elementor-size-sm  elementor-field-textual\" placeholder=\"Nombre\" required=\"required\">\n\t\t\t\t\t\t\t\t\t\t\t<\/div>\n\t\t\t\t\t\t\t\t<div class=\"elementor-field-type-email elementor-field-group elementor-column elementor-field-group-email elementor-col-33 elementor-md-100 elementor-field-required\">\n\t\t\t\t\t\t\t\t\t\t\t\t<label for=\"form-field-email\" class=\"elementor-field-label elementor-screen-only\">\n\t\t\t\t\t\t\t\tEmail\t\t\t\t\t\t\t<\/label>\n\t\t\t\t\t\t\t\t\t\t\t\t\t\t<input size=\"1\" type=\"email\" name=\"form_fields[email]\" id=\"form-field-email\" class=\"elementor-field elementor-size-sm  elementor-field-textual\" placeholder=\"Email\" required=\"required\">\n\t\t\t\t\t\t\t\t\t\t\t<\/div>\n\t\t\t\t\t\t\t\t<div class=\"elementor-field-type-tel elementor-field-group elementor-column elementor-field-group-field_f552d00 elementor-col-33 elementor-md-100\">\n\t\t\t\t\t\t\t\t\t\t\t\t<label for=\"form-field-field_f552d00\" class=\"elementor-field-label elementor-screen-only\">\n\t\t\t\t\t\t\t\tTel\u00e9fono\t\t\t\t\t\t\t<\/label>\n\t\t\t\t\t\t\t\t<input size=\"1\" type=\"tel\" name=\"form_fields[field_f552d00]\" id=\"form-field-field_f552d00\" class=\"elementor-field elementor-size-sm  elementor-field-textual\" placeholder=\"Tel\u00e9fono\" pattern=\"[0-9()#&amp;+*-=.]+\" title=\"Only numbers and phone characters (#, -, *, etc) are accepted.\">\n\n\t\t\t\t\t\t<\/div>\n\t\t\t\t\t\t\t\t<div class=\"elementor-field-type-textarea elementor-field-group elementor-column elementor-field-group-message elementor-col-100 elementor-field-required\">\n\t\t\t\t\t\t\t\t\t\t\t\t<label for=\"form-field-message\" class=\"elementor-field-label elementor-screen-only\">\n\t\t\t\t\t\t\t\tMensaje\t\t\t\t\t\t\t<\/label>\n\t\t\t\t\t\t<textarea class=\"elementor-field-textual elementor-field  elementor-size-sm\" name=\"form_fields[message]\" id=\"form-field-message\" rows=\"4\" placeholder=\"Mensaje\" required=\"required\"><\/textarea>\t\t\t\t<\/div>\n\t\t\t\t\t\t\t\t<div class=\"elementor-field-type-acceptance elementor-field-group elementor-column elementor-field-group-field_cebad04 elementor-col-100 elementor-field-required\">\n\t\t\t\t\t\t\t\t\t\t\t\t<label for=\"form-field-field_cebad04\" class=\"elementor-field-label elementor-screen-only\">\n\t\t\t\t\t\t\t\tHe le\u00eddo y acepto la Pol\u00edtica de privacidad de datos\t\t\t\t\t\t\t<\/label>\n\t\t\t\t\t\t\t\t<div class=\"elementor-field-subgroup\">\n\t\t\t<span class=\"elementor-field-option\">\n\t\t\t\t<input type=\"checkbox\" name=\"form_fields[field_cebad04]\" id=\"form-field-field_cebad04\" class=\"elementor-field elementor-size-sm  elementor-acceptance-field\" required=\"required\">\n\t\t\t\t<label for=\"form-field-field_cebad04\">He le\u00eddo y acepto la <a href=\"https:\/\/enoturista.cat\/es\/politica-de-privacidad\/\">Pol\u00edtica de privacidad de datos<\/a><\/label>\t\t\t<\/span>\n\t\t<\/div>\n\t\t\t\t\t\t<\/div>\n\t\t\t\t\t\t\t\t<div class=\"elementor-field-type-recaptcha_v3 elementor-field-group elementor-column elementor-field-group-field_dca6fa5 elementor-col-100 recaptcha_v3-bottomleft\">\n\t\t\t\t\t<div class=\"elementor-field\" id=\"form-field-field_dca6fa5\"><div class=\"elementor-g-recaptcha\" data-sitekey=\"6LesUW4rAAAAALraXZXnJC7ooEev_f4cnBIayE7s\" data-type=\"v3\" data-action=\"Form\" data-badge=\"bottomleft\" data-size=\"invisible\"><\/div><\/div>\t\t\t\t<\/div>\n\t\t\t\t\t\t\t\t<div class=\"elementor-field-group elementor-column elementor-field-type-submit elementor-col-20 e-form__buttons elementor-md-100\">\n\t\t\t\t\t<button class=\"elementor-button elementor-size-sm\" type=\"submit\">\n\t\t\t\t\t\t<span class=\"elementor-button-content-wrapper\">\n\t\t\t\t\t\t\t\t\t\t\t\t\t\t\t\t\t\t\t\t\t\t<span class=\"elementor-button-text\">Enviar mensaje<\/span>\n\t\t\t\t\t\t\t\t\t\t\t\t\t<\/span>\n\t\t\t\t\t<\/button>\n\t\t\t\t<\/div>\n\t\t\t<\/div>\n\t\t<\/form>\n\t\t\t\t\t\t<\/div>\n\t\t\t\t<\/div>\n\t\t\t\t<\/div>\n\t\t<div class=\"elementor-element elementor-element-b7a9491 e-con-full e-flex e-con e-child\" data-id=\"b7a9491\" data-element_type=\"container\" data-e-type=\"container\">\n\t\t\t\t<div class=\"elementor-element elementor-element-93fdbde elementor-shape-square e-grid-align-right elementor-grid-1 e-grid-align-mobile-center elementor-grid-tablet-2 elementor-widget elementor-widget-social-icons\" data-id=\"93fdbde\" data-element_type=\"widget\" data-e-type=\"widget\" data-widget_type=\"social-icons.default\">\n\t\t\t\t<div class=\"elementor-widget-container\">\n\t\t\t\t\t\t\t<div class=\"elementor-social-icons-wrapper elementor-grid\" role=\"list\">\n\t\t\t\t\t\t\t<span class=\"elementor-grid-item\" role=\"listitem\">\n\t\t\t\t\t<a class=\"elementor-icon elementor-social-icon elementor-social-icon-instagram elementor-repeater-item-3adbd8b\" href=\"https:\/\/www.instagram.com\/enoturista\/\" target=\"_blank\">\n\t\t\t\t\t\t<span class=\"elementor-screen-only\">Instagram<\/span>\n\t\t\t\t\t\t<svg aria-hidden=\"true\" class=\"e-font-icon-svg e-fab-instagram\" viewBox=\"0 0 448 512\" xmlns=\"http:\/\/www.w3.org\/2000\/svg\"><path d=\"M224.1 141c-63.6 0-114.9 51.3-114.9 114.9s51.3 114.9 114.9 114.9S339 319.5 339 255.9 287.7 141 224.1 141zm0 189.6c-41.1 0-74.7-33.5-74.7-74.7s33.5-74.7 74.7-74.7 74.7 33.5 74.7 74.7-33.6 74.7-74.7 74.7zm146.4-194.3c0 14.9-12 26.8-26.8 26.8-14.9 0-26.8-12-26.8-26.8s12-26.8 26.8-26.8 26.8 12 26.8 26.8zm76.1 27.2c-1.7-35.9-9.9-67.7-36.2-93.9-26.2-26.2-58-34.4-93.9-36.2-37-2.1-147.9-2.1-184.9 0-35.8 1.7-67.6 9.9-93.9 36.1s-34.4 58-36.2 93.9c-2.1 37-2.1 147.9 0 184.9 1.7 35.9 9.9 67.7 36.2 93.9s58 34.4 93.9 36.2c37 2.1 147.9 2.1 184.9 0 35.9-1.7 67.7-9.9 93.9-36.2 26.2-26.2 34.4-58 36.2-93.9 2.1-37 2.1-147.8 0-184.8zM398.8 388c-7.8 19.6-22.9 34.7-42.6 42.6-29.5 11.7-99.5 9-132.1 9s-102.7 2.6-132.1-9c-19.6-7.8-34.7-22.9-42.6-42.6-11.7-29.5-9-99.5-9-132.1s-2.6-102.7 9-132.1c7.8-19.6 22.9-34.7 42.6-42.6 29.5-11.7 99.5-9 132.1-9s102.7-2.6 132.1 9c19.6 7.8 34.7 22.9 42.6 42.6 11.7 29.5 9 99.5 9 132.1s2.7 102.7-9 132.1z\"><\/path><\/svg>\t\t\t\t\t<\/a>\n\t\t\t\t<\/span>\n\t\t\t\t\t\t\t<span class=\"elementor-grid-item\" role=\"listitem\">\n\t\t\t\t\t<a class=\"elementor-icon elementor-social-icon elementor-social-icon-tiktok elementor-repeater-item-eee207b\" href=\"https:\/\/www.tiktok.com\/@enoturista\" target=\"_blank\">\n\t\t\t\t\t\t<span class=\"elementor-screen-only\">Tiktok<\/span>\n\t\t\t\t\t\t<svg aria-hidden=\"true\" class=\"e-font-icon-svg e-fab-tiktok\" viewBox=\"0 0 448 512\" xmlns=\"http:\/\/www.w3.org\/2000\/svg\"><path d=\"M448,209.91a210.06,210.06,0,0,1-122.77-39.25V349.38A162.55,162.55,0,1,1,185,188.31V278.2a74.62,74.62,0,1,0,52.23,71.18V0l88,0a121.18,121.18,0,0,0,1.86,22.17h0A122.18,122.18,0,0,0,381,102.39a121.43,121.43,0,0,0,67,20.14Z\"><\/path><\/svg>\t\t\t\t\t<\/a>\n\t\t\t\t<\/span>\n\t\t\t\t\t<\/div>\n\t\t\t\t\t\t<\/div>\n\t\t\t\t<\/div>\n\t\t\t\t<\/div>\n\t\t\t\t\t<\/div>\n\t\t\t\t<\/div>\n\t\t\t\t<\/div>\n\t\t","protected":false},"excerpt":{"rendered":"<p>Contacto Instagram Tiktok<\/p>\n","protected":false},"author":1,"featured_media":0,"parent":0,"menu_order":0,"comment_status":"closed","ping_status":"closed","template":"","meta":{"_acf_changed":false,"footnotes":""},"etiqueta":[],"regio":[],"categoria":[],"tipus":[],"tipus-pagina":[],"class_list":["post-14543","page","type-page","status-publish","hentry"],"acf":[],"yoast_head":"<!-- This site is optimized with the Yoast SEO plugin v27.4 - https:\/\/yoast.com\/product\/yoast-seo-wordpress\/ -->\n<title>Contacto: escr\u00edbenos un correo o env\u00eda el formulario | Enoturista<\/title>\n<meta name=\"description\" content=\"Contacta con Enoturista \u00b7 Escr\u00edbenos un correo a info@enoturista.cat, env\u00eda el formulario o b\u00fascanos en las redes sociales.\" \/>\n<meta name=\"robots\" content=\"index, follow, max-snippet:-1, max-image-preview:large, max-video-preview:-1\" \/>\n<link rel=\"canonical\" href=\"https:\/\/enoturista.cat\/es\/contacto\/\" \/>\n<meta property=\"og:locale\" content=\"es_ES\" \/>\n<meta property=\"og:type\" content=\"article\" \/>\n<meta property=\"og:title\" content=\"Contacto: escr\u00edbenos un correo o env\u00eda el formulario | Enoturista\" \/>\n<meta property=\"og:description\" content=\"Contacta con Enoturista \u00b7 Escr\u00edbenos un correo a info@enoturista.cat, env\u00eda el formulario o b\u00fascanos en las redes sociales.\" \/>\n<meta property=\"og:url\" content=\"https:\/\/enoturista.cat\/es\/contacto\/\" \/>\n<meta property=\"og:site_name\" content=\"Enoturista\" \/>\n<meta property=\"article:publisher\" content=\"https:\/\/www.facebook.com\/enoturista.wine\" \/>\n<meta property=\"article:modified_time\" content=\"2026-02-27T11:39:22+00:00\" \/>\n<meta name=\"twitter:card\" content=\"summary_large_image\" \/>\n<meta name=\"twitter:site\" content=\"@enoturista_\" \/>\n<script type=\"application\/ld+json\" class=\"yoast-schema-graph\">{\"@context\":\"https:\\\/\\\/schema.org\",\"@graph\":[{\"@type\":\"WebPage\",\"@id\":\"https:\\\/\\\/enoturista.cat\\\/es\\\/contacto\\\/\",\"url\":\"https:\\\/\\\/enoturista.cat\\\/es\\\/contacto\\\/\",\"name\":\"Contacto: escr\u00edbenos un correo o env\u00eda el formulario | Enoturista\",\"isPartOf\":{\"@id\":\"https:\\\/\\\/enoturista.cat\\\/es\\\/#website\"},\"datePublished\":\"2025-06-18T11:35:37+00:00\",\"dateModified\":\"2026-02-27T11:39:22+00:00\",\"description\":\"Contacta con Enoturista \u00b7 Escr\u00edbenos un correo a info@enoturista.cat, env\u00eda el formulario o b\u00fascanos en las redes sociales.\",\"breadcrumb\":{\"@id\":\"https:\\\/\\\/enoturista.cat\\\/es\\\/contacto\\\/#breadcrumb\"},\"inLanguage\":\"es\",\"potentialAction\":[{\"@type\":\"ReadAction\",\"target\":[\"https:\\\/\\\/enoturista.cat\\\/es\\\/contacto\\\/\"]}]},{\"@type\":\"BreadcrumbList\",\"@id\":\"https:\\\/\\\/enoturista.cat\\\/es\\\/contacto\\\/#breadcrumb\",\"itemListElement\":[{\"@type\":\"ListItem\",\"position\":1,\"name\":\"Inici\",\"item\":\"https:\\\/\\\/enoturista.cat\\\/es\\\/inicio\\\/\"},{\"@type\":\"ListItem\",\"position\":2,\"name\":\"Contacto\"}]},{\"@type\":\"WebSite\",\"@id\":\"https:\\\/\\\/enoturista.cat\\\/es\\\/#website\",\"url\":\"https:\\\/\\\/enoturista.cat\\\/es\\\/\",\"name\":\"Enoturista\",\"description\":\"La Guia Digital d&#039;Enoturisme a Catalunya\",\"publisher\":{\"@id\":\"https:\\\/\\\/enoturista.cat\\\/es\\\/#organization\"},\"potentialAction\":[{\"@type\":\"SearchAction\",\"target\":{\"@type\":\"EntryPoint\",\"urlTemplate\":\"https:\\\/\\\/enoturista.cat\\\/es\\\/?s={search_term_string}\"},\"query-input\":{\"@type\":\"PropertyValueSpecification\",\"valueRequired\":true,\"valueName\":\"search_term_string\"}}],\"inLanguage\":\"es\"},{\"@type\":\"Organization\",\"@id\":\"https:\\\/\\\/enoturista.cat\\\/es\\\/#organization\",\"name\":\"Enoturista\",\"url\":\"https:\\\/\\\/enoturista.cat\\\/es\\\/\",\"logo\":{\"@type\":\"ImageObject\",\"inLanguage\":\"es\",\"@id\":\"https:\\\/\\\/enoturista.cat\\\/es\\\/#\\\/schema\\\/logo\\\/image\\\/\",\"url\":\"https:\\\/\\\/enoturista.cat\\\/wp-content\\\/uploads\\\/2025\\\/12\\\/ENOTURISTA-LOGOTIPO-favicon.png\",\"contentUrl\":\"https:\\\/\\\/enoturista.cat\\\/wp-content\\\/uploads\\\/2025\\\/12\\\/ENOTURISTA-LOGOTIPO-favicon.png\",\"width\":240,\"height\":288,\"caption\":\"Enoturista\"},\"image\":{\"@id\":\"https:\\\/\\\/enoturista.cat\\\/es\\\/#\\\/schema\\\/logo\\\/image\\\/\"},\"sameAs\":[\"https:\\\/\\\/www.facebook.com\\\/enoturista.wine\",\"https:\\\/\\\/x.com\\\/enoturista_\",\"https:\\\/\\\/www.instagram.com\\\/enoturista\\\/\",\"https:\\\/\\\/www.linkedin.com\\\/in\\\/enoturista\\\/\",\"https:\\\/\\\/www.tiktok.com\\\/@enoturista\",\"https:\\\/\\\/www.youtube.com\\\/@enoturista\"]}]}<\/script>\n<!-- \/ Yoast SEO plugin. -->","yoast_head_json":{"title":"Contacto: escr\u00edbenos un correo o env\u00eda el formulario | Enoturista","description":"Contacta con Enoturista \u00b7 Escr\u00edbenos un correo a info@enoturista.cat, env\u00eda el formulario o b\u00fascanos en las redes sociales.","robots":{"index":"index","follow":"follow","max-snippet":"max-snippet:-1","max-image-preview":"max-image-preview:large","max-video-preview":"max-video-preview:-1"},"canonical":"https:\/\/enoturista.cat\/es\/contacto\/","og_locale":"es_ES","og_type":"article","og_title":"Contacto: escr\u00edbenos un correo o env\u00eda el formulario | Enoturista","og_description":"Contacta con Enoturista \u00b7 Escr\u00edbenos un correo a info@enoturista.cat, env\u00eda el formulario o b\u00fascanos en las redes sociales.","og_url":"https:\/\/enoturista.cat\/es\/contacto\/","og_site_name":"Enoturista","article_publisher":"https:\/\/www.facebook.com\/enoturista.wine","article_modified_time":"2026-02-27T11:39:22+00:00","twitter_card":"summary_large_image","twitter_site":"@enoturista_","schema":{"@context":"https:\/\/schema.org","@graph":[{"@type":"WebPage","@id":"https:\/\/enoturista.cat\/es\/contacto\/","url":"https:\/\/enoturista.cat\/es\/contacto\/","name":"Contacto: escr\u00edbenos un correo o env\u00eda el formulario | Enoturista","isPartOf":{"@id":"https:\/\/enoturista.cat\/es\/#website"},"datePublished":"2025-06-18T11:35:37+00:00","dateModified":"2026-02-27T11:39:22+00:00","description":"Contacta con Enoturista \u00b7 Escr\u00edbenos un correo a info@enoturista.cat, env\u00eda el formulario o b\u00fascanos en las redes sociales.","breadcrumb":{"@id":"https:\/\/enoturista.cat\/es\/contacto\/#breadcrumb"},"inLanguage":"es","potentialAction":[{"@type":"ReadAction","target":["https:\/\/enoturista.cat\/es\/contacto\/"]}]},{"@type":"BreadcrumbList","@id":"https:\/\/enoturista.cat\/es\/contacto\/#breadcrumb","itemListElement":[{"@type":"ListItem","position":1,"name":"Inici","item":"https:\/\/enoturista.cat\/es\/inicio\/"},{"@type":"ListItem","position":2,"name":"Contacto"}]},{"@type":"WebSite","@id":"https:\/\/enoturista.cat\/es\/#website","url":"https:\/\/enoturista.cat\/es\/","name":"Enoturista","description":"La Guia Digital d&#039;Enoturisme a Catalunya","publisher":{"@id":"https:\/\/enoturista.cat\/es\/#organization"},"potentialAction":[{"@type":"SearchAction","target":{"@type":"EntryPoint","urlTemplate":"https:\/\/enoturista.cat\/es\/?s={search_term_string}"},"query-input":{"@type":"PropertyValueSpecification","valueRequired":true,"valueName":"search_term_string"}}],"inLanguage":"es"},{"@type":"Organization","@id":"https:\/\/enoturista.cat\/es\/#organization","name":"Enoturista","url":"https:\/\/enoturista.cat\/es\/","logo":{"@type":"ImageObject","inLanguage":"es","@id":"https:\/\/enoturista.cat\/es\/#\/schema\/logo\/image\/","url":"https:\/\/enoturista.cat\/wp-content\/uploads\/2025\/12\/ENOTURISTA-LOGOTIPO-favicon.png","contentUrl":"https:\/\/enoturista.cat\/wp-content\/uploads\/2025\/12\/ENOTURISTA-LOGOTIPO-favicon.png","width":240,"height":288,"caption":"Enoturista"},"image":{"@id":"https:\/\/enoturista.cat\/es\/#\/schema\/logo\/image\/"},"sameAs":["https:\/\/www.facebook.com\/enoturista.wine","https:\/\/x.com\/enoturista_","https:\/\/www.instagram.com\/enoturista\/","https:\/\/www.linkedin.com\/in\/enoturista\/","https:\/\/www.tiktok.com\/@enoturista","https:\/\/www.youtube.com\/@enoturista"]}]}},"_links":{"self":[{"href":"https:\/\/enoturista.cat\/es\/wp-json\/wp\/v2\/pages\/14543","targetHints":{"allow":["GET"]}}],"collection":[{"href":"https:\/\/enoturista.cat\/es\/wp-json\/wp\/v2\/pages"}],"about":[{"href":"https:\/\/enoturista.cat\/es\/wp-json\/wp\/v2\/types\/page"}],"author":[{"embeddable":true,"href":"https:\/\/enoturista.cat\/es\/wp-json\/wp\/v2\/users\/1"}],"replies":[{"embeddable":true,"href":"https:\/\/enoturista.cat\/es\/wp-json\/wp\/v2\/comments?post=14543"}],"version-history":[{"count":1,"href":"https:\/\/enoturista.cat\/es\/wp-json\/wp\/v2\/pages\/14543\/revisions"}],"predecessor-version":[{"id":14544,"href":"https:\/\/enoturista.cat\/es\/wp-json\/wp\/v2\/pages\/14543\/revisions\/14544"}],"wp:attachment":[{"href":"https:\/\/enoturista.cat\/es\/wp-json\/wp\/v2\/media?parent=14543"}],"wp:term":[{"taxonomy":"etiqueta","embeddable":true,"href":"https:\/\/enoturista.cat\/es\/wp-json\/wp\/v2\/etiqueta?post=14543"},{"taxonomy":"regio","embeddable":true,"href":"https:\/\/enoturista.cat\/es\/wp-json\/wp\/v2\/regio?post=14543"},{"taxonomy":"categoria","embeddable":true,"href":"https:\/\/enoturista.cat\/es\/wp-json\/wp\/v2\/categoria?post=14543"},{"taxonomy":"tipus","embeddable":true,"href":"https:\/\/enoturista.cat\/es\/wp-json\/wp\/v2\/tipus?post=14543"},{"taxonomy":"tipus-pagina","embeddable":true,"href":"https:\/\/enoturista.cat\/es\/wp-json\/wp\/v2\/tipus-pagina?post=14543"}],"curies":[{"name":"wp","href":"https:\/\/api.w.org\/{rel}","templated":true}]}}