{"id":14481,"date":"2025-06-18T13:37:05","date_gmt":"2025-06-18T11:37:05","guid":{"rendered":"https:\/\/enoturista.cat\/aviso-legal\/"},"modified":"2026-02-25T17:58:48","modified_gmt":"2026-02-25T15:58:48","slug":"aviso-legal","status":"publish","type":"page","link":"https:\/\/enoturista.cat\/es\/aviso-legal\/","title":{"rendered":"Aviso legal"},"content":{"rendered":"\t\t<div data-elementor-type=\"wp-page\" data-elementor-id=\"14481\" class=\"elementor elementor-14481 elementor-26\" data-elementor-post-type=\"page\">\n\t\t\t\t<div class=\"elementor-element elementor-element-27d55ce e-flex e-con-boxed e-con e-parent\" data-id=\"27d55ce\" data-element_type=\"container\" data-e-type=\"container\" data-settings=\"{&quot;background_background&quot;:&quot;classic&quot;}\">\n\t\t\t\t\t<div class=\"e-con-inner\">\n\t\t\t\t<div class=\"elementor-element elementor-element-6772668 elementor-widget elementor-widget-heading\" data-id=\"6772668\" data-element_type=\"widget\" data-e-type=\"widget\" data-widget_type=\"heading.default\">\n\t\t\t\t<div class=\"elementor-widget-container\">\n\t\t\t\t\t<h1 class=\"elementor-heading-title elementor-size-default\">Aviso legal<\/h1>\t\t\t\t<\/div>\n\t\t\t\t<\/div>\n\t\t\t\t\t<\/div>\n\t\t\t\t<\/div>\n\t\t<div class=\"elementor-element elementor-element-db4cedb e-flex e-con-boxed e-con e-parent\" data-id=\"db4cedb\" data-element_type=\"container\" data-e-type=\"container\">\n\t\t\t\t\t<div class=\"e-con-inner\">\n\t\t\t\t<div class=\"elementor-element elementor-element-ea2663a elementor-widget elementor-widget-text-editor\" data-id=\"ea2663a\" data-element_type=\"widget\" data-e-type=\"widget\" data-widget_type=\"text-editor.default\">\n\t\t\t\t<div class=\"elementor-widget-container\">\n\t\t\t\t\t\t\t\t\t<p><strong>Pol\u00edtica de privacidad de datos<\/strong><\/p><p>La empresa ENOTURISTA.CAT con NIF 46.820.716-F siguiendo la legislaci\u00f3n vigente en materia de protecci\u00f3n de datos de car\u00e1cter personal, informa a los usuarios de https:\/\/enoturista.cat sobre su Pol\u00edtica de Protecci\u00f3n de Datos, que ser\u00e1 de aplicaci\u00f3n al tratamiento de los datos personales que sean facilitados por el usuario cuando acceda, utilice y\/o se registre.<\/p><p>ENOTURISTA.CAT garantiza el tratamiento confidencial de los datos personales de los usuarios, as\u00ed como, conforme a lo establecido en el art\u00edculo 9 de la Ley Org\u00e1nica 15\/1999, de 13 de diciembre, de protecci\u00f3n de datos de car\u00e1cter personal, que se han adoptado las medidas de car\u00e1cter t\u00e9cnico y organizativas necesarias para la seguridad de los datos de car\u00e1cter personal y evitar la el estado de la tecnolog\u00eda, la naturaleza de los datos almacenados y los riesgos a los que est\u00e1n expuestos, provengan de la acci\u00f3n humana o del medio f\u00edsico o natural.<\/p><p>Asimismo, ENOTURISTA.CAT informa al usuario que las instalaciones, sistemas y ficheros en los que almacenamos los datos personales cumplen con las medidas de seguridad establecidas en el Real Decreto 994\/1999, de 11 de junio, por el que se aprueban las medidas de seguridad aplicables a archivos autom\u00e1ticos con datos de car\u00e1cter personal.<\/p><p><strong>Registro de visitas<\/strong><\/p><p>ENOTURISTA.CAT comunica a los usuarios de https:\/\/enoturista.cat que la direcci\u00f3n IP con la que se accede al servidor de https:\/\/enoturista.cat, la fecha y hora del acceso, as\u00ed como las p\u00e1ginas visitadas alojadas en este servidor, quedar\u00e1n recogidas y almacenadas en un archivo LOG que ser\u00e1 objeto de tratamiento por parte de ENOTURISTA.CAT a efectos de contabilizar las visitas recibidas y para la realizaci\u00f3n de estad\u00edsticas.<\/p><p><strong>Registro de usuarios<\/strong><\/p><p>Los datos personales de los usuarios solicitados en el registro de usuarios de https:\/\/enoturista.cat son objeto de tratamiento automatizado y se incorporan a un fichero de datos de car\u00e1cter personal responsabilidad de ENOTURISTA.CAT.<\/p><p>Estos datos deben ser veraces, exactos, completos y actualizados, siendo el usuario el \u00fanico responsable de cualquier da\u00f1o o perjuicio, directo o indirecto, que pudiera ocasionar a ENOTURISTA.CAT o a cualquier tercero a causa de la falsedad, inexactitud, insuficiencia o falta de actualizaci\u00f3n de los mismos.<\/p><p>En caso de que el usuario sea menor de edad, se advierte que debe obtener la autorizaci\u00f3n previa del mayor a su cargo para facilitar los datos personales que se soliciten. ENOTURISTA.CAT se exime de cualquier tipo de responsabilidad por el incumplimiento de este requisito.<\/p><p>La finalidad de la recogida y del tratamiento de los datos personales solicitados en https:\/\/enoturista.cat es:<\/p><p>(1) la identificaci\u00f3n del usuario con el prop\u00f3sito de una atenci\u00f3n m\u00e1s personalizada;<br>(2) la administraci\u00f3n, el estudio y la mejora de la oferta de servicios;<br>(3) el estudio y el dise\u00f1o de nuevos servicios en virtud de las preferencias de los usuarios; y<br>(4) el env\u00edo de informaci\u00f3n t\u00e9cnica, comercial e informativa sobre https:\/\/enoturista.cat.<\/p><p>El titular de los datos tendr\u00e1 en todo momento el derecho de acceder a los ficheros automatizados, pudiendo ejercer los derechos de rectificaci\u00f3n, cancelaci\u00f3n y oposici\u00f3n en los t\u00e9rminos recogidos en la legislaci\u00f3n de protecci\u00f3n de datos. Con este fin, ENOTURISTA.CAT ha habilitado unos procesos sencillos y gratuitos que est\u00e1n a disposici\u00f3n del usuario.<\/p><p>Los datos personales facilitados a ENOTURISTA.CAT no ser\u00e1n cedidos a terceros sin autorizaci\u00f3n previa por parte del titular de los mismos, excepto en aquellos casos previstos expresamente por la ley, y siempre que se cumplan los requisitos establecidos en la misma.<\/p><p>En cualquier caso, el consentimiento del usuario para el tratamiento y cesi\u00f3n de los datos personales ser\u00e1 revocable en todo momento, siendo necesaria una comunicaci\u00f3n escrita al responsable del fichero en el domicilio de ENOTURISTA.CAT. Esta comunicaci\u00f3n deber\u00e1 realizarse mediante la remisi\u00f3n por conducto fehaciente de una carta firmada por el titular de los datos, con indicaci\u00f3n de su domicilio adjuntando copia de su Documento Nacional de Identidad u otro documento acreditativo.<\/p><p><strong>Informaci\u00f3n a los usuarios<\/strong><\/p><p>Usted puede ejercer sus derechos de acceso, rectificaci\u00f3n, cancelaci\u00f3n y oposici\u00f3n de sus datos a trav\u00e9s del correo electr\u00f3nico a <a href=\"mailto:info@enoturista.cat\">info@enoturista.cat<\/a>.<\/p>\t\t\t\t\t\t\t\t<\/div>\n\t\t\t\t<\/div>\n\t\t\t\t\t<\/div>\n\t\t\t\t<\/div>\n\t\t\t\t<\/div>\n\t\t","protected":false},"excerpt":{"rendered":"<p>Aviso legal Pol\u00edtica de privacidad de datos La empresa ENOTURISTA.CAT con NIF 46.820.716-F siguiendo la legislaci\u00f3n vigente en materia de protecci\u00f3n de datos de car\u00e1cter personal, informa a los usuarios de https:\/\/enoturista.cat sobre su Pol\u00edtica de Protecci\u00f3n de Datos, que ser\u00e1 de aplicaci\u00f3n al tratamiento de los datos personales que sean facilitados por el usuario [&hellip;]<\/p>\n","protected":false},"author":1,"featured_media":0,"parent":0,"menu_order":0,"comment_status":"closed","ping_status":"closed","template":"","meta":{"_acf_changed":false,"footnotes":""},"etiqueta":[],"regio":[],"categoria":[],"tipus":[],"tipus-pagina":[],"class_list":["post-14481","page","type-page","status-publish","hentry"],"acf":[],"yoast_head":"<!-- This site is optimized with the Yoast SEO plugin v27.4 - https:\/\/yoast.com\/product\/yoast-seo-wordpress\/ -->\n<title>Aviso legal &#183; Enoturista<\/title>\n<meta name=\"robots\" content=\"index, follow, max-snippet:-1, max-image-preview:large, max-video-preview:-1\" \/>\n<link rel=\"canonical\" href=\"https:\/\/enoturista.cat\/es\/aviso-legal\/\" \/>\n<meta property=\"og:locale\" content=\"es_ES\" \/>\n<meta property=\"og:type\" content=\"article\" \/>\n<meta property=\"og:title\" content=\"Aviso legal &#183; Enoturista\" \/>\n<meta property=\"og:description\" content=\"Aviso legal Pol\u00edtica de privacidad de datos La empresa ENOTURISTA.CAT con NIF 46.820.716-F siguiendo la legislaci\u00f3n vigente en materia de protecci\u00f3n de datos de car\u00e1cter personal, informa a los usuarios de https:\/\/enoturista.cat sobre su Pol\u00edtica de Protecci\u00f3n de Datos, que ser\u00e1 de aplicaci\u00f3n al tratamiento de los datos personales que sean facilitados por el usuario [&hellip;]\" \/>\n<meta property=\"og:url\" content=\"https:\/\/enoturista.cat\/es\/aviso-legal\/\" \/>\n<meta property=\"og:site_name\" content=\"Enoturista\" \/>\n<meta property=\"article:publisher\" content=\"https:\/\/www.facebook.com\/enoturista.wine\" \/>\n<meta property=\"article:modified_time\" content=\"2026-02-25T15:58:48+00:00\" \/>\n<meta name=\"twitter:card\" content=\"summary_large_image\" \/>\n<meta name=\"twitter:site\" content=\"@enoturista_\" \/>\n<meta name=\"twitter:label1\" content=\"Tiempo de lectura\" \/>\n\t<meta name=\"twitter:data1\" content=\"4 minutos\" \/>\n<script type=\"application\/ld+json\" class=\"yoast-schema-graph\">{\"@context\":\"https:\\\/\\\/schema.org\",\"@graph\":[{\"@type\":\"WebPage\",\"@id\":\"https:\\\/\\\/enoturista.cat\\\/es\\\/aviso-legal\\\/\",\"url\":\"https:\\\/\\\/enoturista.cat\\\/es\\\/aviso-legal\\\/\",\"name\":\"Aviso legal &#183; Enoturista\",\"isPartOf\":{\"@id\":\"https:\\\/\\\/enoturista.cat\\\/es\\\/#website\"},\"datePublished\":\"2025-06-18T11:37:05+00:00\",\"dateModified\":\"2026-02-25T15:58:48+00:00\",\"breadcrumb\":{\"@id\":\"https:\\\/\\\/enoturista.cat\\\/es\\\/aviso-legal\\\/#breadcrumb\"},\"inLanguage\":\"es\",\"potentialAction\":[{\"@type\":\"ReadAction\",\"target\":[\"https:\\\/\\\/enoturista.cat\\\/es\\\/aviso-legal\\\/\"]}]},{\"@type\":\"BreadcrumbList\",\"@id\":\"https:\\\/\\\/enoturista.cat\\\/es\\\/aviso-legal\\\/#breadcrumb\",\"itemListElement\":[{\"@type\":\"ListItem\",\"position\":1,\"name\":\"Inici\",\"item\":\"https:\\\/\\\/enoturista.cat\\\/es\\\/inicio\\\/\"},{\"@type\":\"ListItem\",\"position\":2,\"name\":\"Aviso legal\"}]},{\"@type\":\"WebSite\",\"@id\":\"https:\\\/\\\/enoturista.cat\\\/es\\\/#website\",\"url\":\"https:\\\/\\\/enoturista.cat\\\/es\\\/\",\"name\":\"Enoturista\",\"description\":\"La Guia Digital d&#039;Enoturisme a Catalunya\",\"publisher\":{\"@id\":\"https:\\\/\\\/enoturista.cat\\\/es\\\/#organization\"},\"potentialAction\":[{\"@type\":\"SearchAction\",\"target\":{\"@type\":\"EntryPoint\",\"urlTemplate\":\"https:\\\/\\\/enoturista.cat\\\/es\\\/?s={search_term_string}\"},\"query-input\":{\"@type\":\"PropertyValueSpecification\",\"valueRequired\":true,\"valueName\":\"search_term_string\"}}],\"inLanguage\":\"es\"},{\"@type\":\"Organization\",\"@id\":\"https:\\\/\\\/enoturista.cat\\\/es\\\/#organization\",\"name\":\"Enoturista\",\"url\":\"https:\\\/\\\/enoturista.cat\\\/es\\\/\",\"logo\":{\"@type\":\"ImageObject\",\"inLanguage\":\"es\",\"@id\":\"https:\\\/\\\/enoturista.cat\\\/es\\\/#\\\/schema\\\/logo\\\/image\\\/\",\"url\":\"https:\\\/\\\/enoturista.cat\\\/wp-content\\\/uploads\\\/2025\\\/12\\\/ENOTURISTA-LOGOTIPO-favicon.png\",\"contentUrl\":\"https:\\\/\\\/enoturista.cat\\\/wp-content\\\/uploads\\\/2025\\\/12\\\/ENOTURISTA-LOGOTIPO-favicon.png\",\"width\":240,\"height\":288,\"caption\":\"Enoturista\"},\"image\":{\"@id\":\"https:\\\/\\\/enoturista.cat\\\/es\\\/#\\\/schema\\\/logo\\\/image\\\/\"},\"sameAs\":[\"https:\\\/\\\/www.facebook.com\\\/enoturista.wine\",\"https:\\\/\\\/x.com\\\/enoturista_\",\"https:\\\/\\\/www.instagram.com\\\/enoturista\\\/\",\"https:\\\/\\\/www.linkedin.com\\\/in\\\/enoturista\\\/\",\"https:\\\/\\\/www.tiktok.com\\\/@enoturista\",\"https:\\\/\\\/www.youtube.com\\\/@enoturista\"]}]}<\/script>\n<!-- \/ Yoast SEO plugin. -->","yoast_head_json":{"title":"Aviso legal &#183; Enoturista","robots":{"index":"index","follow":"follow","max-snippet":"max-snippet:-1","max-image-preview":"max-image-preview:large","max-video-preview":"max-video-preview:-1"},"canonical":"https:\/\/enoturista.cat\/es\/aviso-legal\/","og_locale":"es_ES","og_type":"article","og_title":"Aviso legal &#183; Enoturista","og_description":"Aviso legal Pol\u00edtica de privacidad de datos La empresa ENOTURISTA.CAT con NIF 46.820.716-F siguiendo la legislaci\u00f3n vigente en materia de protecci\u00f3n de datos de car\u00e1cter personal, informa a los usuarios de https:\/\/enoturista.cat sobre su Pol\u00edtica de Protecci\u00f3n de Datos, que ser\u00e1 de aplicaci\u00f3n al tratamiento de los datos personales que sean facilitados por el usuario [&hellip;]","og_url":"https:\/\/enoturista.cat\/es\/aviso-legal\/","og_site_name":"Enoturista","article_publisher":"https:\/\/www.facebook.com\/enoturista.wine","article_modified_time":"2026-02-25T15:58:48+00:00","twitter_card":"summary_large_image","twitter_site":"@enoturista_","twitter_misc":{"Tiempo de lectura":"4 minutos"},"schema":{"@context":"https:\/\/schema.org","@graph":[{"@type":"WebPage","@id":"https:\/\/enoturista.cat\/es\/aviso-legal\/","url":"https:\/\/enoturista.cat\/es\/aviso-legal\/","name":"Aviso legal &#183; Enoturista","isPartOf":{"@id":"https:\/\/enoturista.cat\/es\/#website"},"datePublished":"2025-06-18T11:37:05+00:00","dateModified":"2026-02-25T15:58:48+00:00","breadcrumb":{"@id":"https:\/\/enoturista.cat\/es\/aviso-legal\/#breadcrumb"},"inLanguage":"es","potentialAction":[{"@type":"ReadAction","target":["https:\/\/enoturista.cat\/es\/aviso-legal\/"]}]},{"@type":"BreadcrumbList","@id":"https:\/\/enoturista.cat\/es\/aviso-legal\/#breadcrumb","itemListElement":[{"@type":"ListItem","position":1,"name":"Inici","item":"https:\/\/enoturista.cat\/es\/inicio\/"},{"@type":"ListItem","position":2,"name":"Aviso legal"}]},{"@type":"WebSite","@id":"https:\/\/enoturista.cat\/es\/#website","url":"https:\/\/enoturista.cat\/es\/","name":"Enoturista","description":"La Guia Digital d&#039;Enoturisme a Catalunya","publisher":{"@id":"https:\/\/enoturista.cat\/es\/#organization"},"potentialAction":[{"@type":"SearchAction","target":{"@type":"EntryPoint","urlTemplate":"https:\/\/enoturista.cat\/es\/?s={search_term_string}"},"query-input":{"@type":"PropertyValueSpecification","valueRequired":true,"valueName":"search_term_string"}}],"inLanguage":"es"},{"@type":"Organization","@id":"https:\/\/enoturista.cat\/es\/#organization","name":"Enoturista","url":"https:\/\/enoturista.cat\/es\/","logo":{"@type":"ImageObject","inLanguage":"es","@id":"https:\/\/enoturista.cat\/es\/#\/schema\/logo\/image\/","url":"https:\/\/enoturista.cat\/wp-content\/uploads\/2025\/12\/ENOTURISTA-LOGOTIPO-favicon.png","contentUrl":"https:\/\/enoturista.cat\/wp-content\/uploads\/2025\/12\/ENOTURISTA-LOGOTIPO-favicon.png","width":240,"height":288,"caption":"Enoturista"},"image":{"@id":"https:\/\/enoturista.cat\/es\/#\/schema\/logo\/image\/"},"sameAs":["https:\/\/www.facebook.com\/enoturista.wine","https:\/\/x.com\/enoturista_","https:\/\/www.instagram.com\/enoturista\/","https:\/\/www.linkedin.com\/in\/enoturista\/","https:\/\/www.tiktok.com\/@enoturista","https:\/\/www.youtube.com\/@enoturista"]}]}},"_links":{"self":[{"href":"https:\/\/enoturista.cat\/es\/wp-json\/wp\/v2\/pages\/14481","targetHints":{"allow":["GET"]}}],"collection":[{"href":"https:\/\/enoturista.cat\/es\/wp-json\/wp\/v2\/pages"}],"about":[{"href":"https:\/\/enoturista.cat\/es\/wp-json\/wp\/v2\/types\/page"}],"author":[{"embeddable":true,"href":"https:\/\/enoturista.cat\/es\/wp-json\/wp\/v2\/users\/1"}],"replies":[{"embeddable":true,"href":"https:\/\/enoturista.cat\/es\/wp-json\/wp\/v2\/comments?post=14481"}],"version-history":[{"count":1,"href":"https:\/\/enoturista.cat\/es\/wp-json\/wp\/v2\/pages\/14481\/revisions"}],"predecessor-version":[{"id":14482,"href":"https:\/\/enoturista.cat\/es\/wp-json\/wp\/v2\/pages\/14481\/revisions\/14482"}],"wp:attachment":[{"href":"https:\/\/enoturista.cat\/es\/wp-json\/wp\/v2\/media?parent=14481"}],"wp:term":[{"taxonomy":"etiqueta","embeddable":true,"href":"https:\/\/enoturista.cat\/es\/wp-json\/wp\/v2\/etiqueta?post=14481"},{"taxonomy":"regio","embeddable":true,"href":"https:\/\/enoturista.cat\/es\/wp-json\/wp\/v2\/regio?post=14481"},{"taxonomy":"categoria","embeddable":true,"href":"https:\/\/enoturista.cat\/es\/wp-json\/wp\/v2\/categoria?post=14481"},{"taxonomy":"tipus","embeddable":true,"href":"https:\/\/enoturista.cat\/es\/wp-json\/wp\/v2\/tipus?post=14481"},{"taxonomy":"tipus-pagina","embeddable":true,"href":"https:\/\/enoturista.cat\/es\/wp-json\/wp\/v2\/tipus-pagina?post=14481"}],"curies":[{"name":"wp","href":"https:\/\/api.w.org\/{rel}","templated":true}]}}